{"id":75,"date":"2023-03-11T13:09:21","date_gmt":"2023-03-11T11:09:21","guid":{"rendered":"http:\/\/concursfizica.ro\/stefan-hepites\/?page_id=75"},"modified":"2023-03-11T18:33:18","modified_gmt":"2023-03-11T16:33:18","slug":"parteneri","status":"publish","type":"page","link":"https:\/\/concursfizica.ro\/stefan-hepites\/parteneri\/","title":{"rendered":"PARTENERI"},"content":{"rendered":"<div class=\"b b-text cf\">\n<div class=\"b-c b-text-c b-s b-s-t60 b-s-b60 b-cs cf\">\n<p style=\"text-align: center;\" align=\"center\"><strong>ORGANIZATOR<\/strong><\/p>\n<p style=\"text-align: center;\" align=\"center\"><strong>COLEGIUL NA\u021aIONAL &#8220;GHEORGHE \u0218INCAI&#8221; BUCURE\u015eTI<\/strong><\/p>\n<\/div>\n<\/div>\n<div class=\"b b-text cf\">\n<div class=\"b-c b-text-c b-s b-s-t60 b-s-b60 b-cs cf\">\n<p class=\"wnd-align-center\" style=\"text-align: center;\"><b>SOCIETATEA METEOROLOGIC\u0102 ROM\u00c2N\u0102<\/b><\/p>\n<\/div>\n<\/div>\n<p style=\"text-align: center;\"><img loading=\"lazy\" decoding=\"async\" class=\"alignnone size-full wp-image-202\" src=\"http:\/\/concursfizica.ro\/stefan-hepites\/wp-content\/uploads\/2023\/03\/Sigla-SMR.png\" alt=\"\" width=\"270\" height=\"191\" \/><\/p>\n<p>&nbsp;<\/p>\n<p style=\"text-align: center;\"><strong>UNIVERSITATEA DIN BUCURE\u0218TI, FACULTATEA DE FIZIC\u0102<\/strong><\/p>\n<p style=\"text-align: center;\"><img loading=\"lazy\" decoding=\"async\" class=\"alignnone size-full wp-image-201\" src=\"http:\/\/concursfizica.ro\/stefan-hepites\/wp-content\/uploads\/2023\/03\/siglaFFBmod_rosu.png\" alt=\"\" width=\"256\" height=\"251\" \/><\/p>\n<p>&nbsp;<\/p>\n<p style=\"text-align: center;\"><strong>UNIVERSITATEA DIN BUCURE\u0218TI, FACULTATEA DE GEOGRAFIE<\/strong><\/p>\n<p style=\"text-align: center;\"><img loading=\"lazy\" decoding=\"async\" class=\"alignnone size-medium wp-image-200\" src=\"http:\/\/concursfizica.ro\/stefan-hepites\/wp-content\/uploads\/2023\/03\/sigla-geo-300x212.png\" alt=\"\" width=\"300\" height=\"212\" srcset=\"https:\/\/concursfizica.ro\/stefan-hepites\/wp-content\/uploads\/2023\/03\/sigla-geo-300x212.png 300w, https:\/\/concursfizica.ro\/stefan-hepites\/wp-content\/uploads\/2023\/03\/sigla-geo-1024x723.png 1024w, https:\/\/concursfizica.ro\/stefan-hepites\/wp-content\/uploads\/2023\/03\/sigla-geo-768x542.png 768w, https:\/\/concursfizica.ro\/stefan-hepites\/wp-content\/uploads\/2023\/03\/sigla-geo-1536x1085.png 1536w, https:\/\/concursfizica.ro\/stefan-hepites\/wp-content\/uploads\/2023\/03\/sigla-geo.png 1920w\" sizes=\"auto, (max-width: 300px) 100vw, 300px\" \/><\/p>\n","protected":false},"excerpt":{"rendered":"<p>ORGANIZATOR COLEGIUL NA\u021aIONAL &#8220;GHEORGHE \u0218INCAI&#8221; BUCURE\u015eTI SOCIETATEA METEOROLOGIC\u0102 ROM\u00c2N\u0102 &nbsp; UNIVERSITATEA DIN BUCURE\u0218TI, FACULTATEA DE FIZIC\u0102 &nbsp; UNIVERSITATEA DIN BUCURE\u0218TI, FACULTATEA DE GEOGRAFIE<\/p>\n","protected":false},"author":1,"featured_media":0,"parent":0,"menu_order":0,"comment_status":"closed","ping_status":"closed","template":"","meta":{"advgb_blocks_editor_width":"","advgb_blocks_columns_visual_guide":"","footnotes":""},"class_list":["post-75","page","type-page","status-publish","hentry"],"coauthors":[],"author_meta":{"author_link":"https:\/\/concursfizica.ro\/stefan-hepites\/author\/iuli678we\/","display_name":"iuli678we"},"relative_dates":{"created":"Posted 3 years ago","modified":"Updated 3 years ago"},"absolute_dates":{"created":"Posted on 2023-03-11","modified":"Updated on 2023-03-11"},"absolute_dates_time":{"created":"Posted on 2023-03-11 13:09","modified":"Updated on 2023-03-11 18:33"},"featured_img_caption":"","featured_img":false,"series_order":"","_links":{"self":[{"href":"https:\/\/concursfizica.ro\/stefan-hepites\/wp-json\/wp\/v2\/pages\/75","targetHints":{"allow":["GET"]}}],"collection":[{"href":"https:\/\/concursfizica.ro\/stefan-hepites\/wp-json\/wp\/v2\/pages"}],"about":[{"href":"https:\/\/concursfizica.ro\/stefan-hepites\/wp-json\/wp\/v2\/types\/page"}],"author":[{"embeddable":true,"href":"https:\/\/concursfizica.ro\/stefan-hepites\/wp-json\/wp\/v2\/users\/1"}],"replies":[{"embeddable":true,"href":"https:\/\/concursfizica.ro\/stefan-hepites\/wp-json\/wp\/v2\/comments?post=75"}],"version-history":[{"count":2,"href":"https:\/\/concursfizica.ro\/stefan-hepites\/wp-json\/wp\/v2\/pages\/75\/revisions"}],"predecessor-version":[{"id":203,"href":"https:\/\/concursfizica.ro\/stefan-hepites\/wp-json\/wp\/v2\/pages\/75\/revisions\/203"}],"wp:attachment":[{"href":"https:\/\/concursfizica.ro\/stefan-hepites\/wp-json\/wp\/v2\/media?parent=75"}],"curies":[{"name":"wp","href":"https:\/\/api.w.org\/{rel}","templated":true}]}}