{"id":54,"date":"2023-03-11T13:06:32","date_gmt":"2023-03-11T11:06:32","guid":{"rendered":"http:\/\/concursfizica.ro\/stefan-hepites\/?page_id=54"},"modified":"2025-10-29T11:28:19","modified_gmt":"2025-10-29T09:28:19","slug":"regulament-concurs","status":"publish","type":"page","link":"https:\/\/concursfizica.ro\/stefan-hepites\/regulament-concurs\/","title":{"rendered":"REGULAMENT CONCURS"},"content":{"rendered":"\n<h2 class=\"wp-block-heading has-text-color has-medium-font-size\" style=\"color:#1921d1\"><strong>DEPLASAREA CANDIDA\u0162ILOR DIN LOCALITATEA DE DOMICILIU LA UNITATEA ORGANIZATOAREA A CONCURSULUI INTR\u0102 \u00ceN ATRIBU\u0162IILE UNIT\u0102\u0162II \u015eCOLARE DE UNDE PROVINE CANDIDATUL (conform art 18 alin 4 OMECTS 3035\/10.01.2012)<\/strong><\/h2>\n\n\n\n<p><strong><mark style=\"background-color:#f5fa19\" class=\"has-inline-color\">Pentru deschiderea documentelor aflate pe site se recomand\u0103 utilizarea Browser-elor Mozilla FireFox, Microsoft Edge, Opera, Safari, etc.<\/mark><\/strong><\/p>\n\n\n\n<div class=\"wp-block-buttons is-layout-flex wp-block-buttons-is-layout-flex\">\n<div class=\"wp-block-button has-custom-width wp-block-button__width-50\"><a class=\"wp-block-button__link has-white-color has-black-background-color has-text-color has-background has-medium-font-size has-custom-font-size wp-element-button\" href=\"http:\/\/concursfizica.ro\/stefan-hepites\/wp-content\/uploads\/2025\/10\/Regulament_2026.pdf\" style=\"border-radius:0px\" target=\"_blank\" rel=\"noreferrer noopener\">Regulament_2026<\/a><\/div>\n<\/div>\n\n\n\n<p><\/p>\n","protected":false},"excerpt":{"rendered":"<p>DEPLASAREA CANDIDA\u0162ILOR DIN LOCALITATEA DE DOMICILIU LA UNITATEA ORGANIZATOAREA A CONCURSULUI INTR\u0102 \u00ceN ATRIBU\u0162IILE UNIT\u0102\u0162II \u015eCOLARE DE UNDE PROVINE CANDIDATUL (conform art 18 alin 4 OMECTS 3035\/10.01.2012) Pentru deschiderea documentelor aflate pe site se recomand\u0103 utilizarea Browser-elor Mozilla FireFox, Microsoft &hellip; <a href=\"https:\/\/concursfizica.ro\/stefan-hepites\/regulament-concurs\/\">Continue reading <span class=\"meta-nav\">&rarr;<\/span><\/a><\/p>\n","protected":false},"author":1,"featured_media":0,"parent":0,"menu_order":0,"comment_status":"closed","ping_status":"closed","template":"","meta":{"advgb_blocks_editor_width":"","advgb_blocks_columns_visual_guide":"","footnotes":""},"class_list":["post-54","page","type-page","status-publish","hentry"],"coauthors":[],"author_meta":{"author_link":"https:\/\/concursfizica.ro\/stefan-hepites\/author\/iuli678we\/","display_name":"iuli678we"},"relative_dates":{"created":"Posted 3 years ago","modified":"Updated 6 months ago"},"absolute_dates":{"created":"Posted on 2023-03-11","modified":"Updated on 2025-10-29"},"absolute_dates_time":{"created":"Posted on 2023-03-11 13:06","modified":"Updated on 2025-10-29 11:28"},"featured_img_caption":"","featured_img":false,"series_order":"","_links":{"self":[{"href":"https:\/\/concursfizica.ro\/stefan-hepites\/wp-json\/wp\/v2\/pages\/54","targetHints":{"allow":["GET"]}}],"collection":[{"href":"https:\/\/concursfizica.ro\/stefan-hepites\/wp-json\/wp\/v2\/pages"}],"about":[{"href":"https:\/\/concursfizica.ro\/stefan-hepites\/wp-json\/wp\/v2\/types\/page"}],"author":[{"embeddable":true,"href":"https:\/\/concursfizica.ro\/stefan-hepites\/wp-json\/wp\/v2\/users\/1"}],"replies":[{"embeddable":true,"href":"https:\/\/concursfizica.ro\/stefan-hepites\/wp-json\/wp\/v2\/comments?post=54"}],"version-history":[{"count":16,"href":"https:\/\/concursfizica.ro\/stefan-hepites\/wp-json\/wp\/v2\/pages\/54\/revisions"}],"predecessor-version":[{"id":893,"href":"https:\/\/concursfizica.ro\/stefan-hepites\/wp-json\/wp\/v2\/pages\/54\/revisions\/893"}],"wp:attachment":[{"href":"https:\/\/concursfizica.ro\/stefan-hepites\/wp-json\/wp\/v2\/media?parent=54"}],"curies":[{"name":"wp","href":"https:\/\/api.w.org\/{rel}","templated":true}]}}