{"id":40,"date":"2023-03-11T13:00:37","date_gmt":"2023-03-11T11:00:37","guid":{"rendered":"http:\/\/concursfizica.ro\/stefan-hepites\/?page_id=40"},"modified":"2026-03-22T09:24:37","modified_gmt":"2026-03-22T07:24:37","slug":"anunturi","status":"publish","type":"page","link":"https:\/\/concursfizica.ro\/stefan-hepites\/","title":{"rendered":"PAGINA DE START"},"content":{"rendered":"\n<h1 class=\"wp-block-heading has-text-align-center has-medium-font-size\">ANUN\u021aURI<\/h1>\n\n\n\n<div class=\"wp-block-group\"><div class=\"wp-block-group__inner-container is-layout-constrained wp-block-group-is-layout-constrained\">\n<p class=\"has-medium-font-size\"><strong><mark style=\"background-color:rgba(0, 0, 0, 0);color:#f82c2c\" class=\"has-inline-color\">Ca urmare a identific\u0103rii unor erori \u00een \u0219abloanele dup\u0103 care s-a realizat evaluarea la clasa a IX-a Tip A \u0219i la clasa a XII-a Tip A comisia central\u0103 se va reuni mar\u021bi 24 martie 2026 pentru reevaluarea tuturor fi\u0219elor de r\u0103spuns de la clasele mai sus men\u021bionate. Rezultatele finale \u0219i premiile la etapa regional\u0103 2026 vor fi anun\u021bate mar\u021bi 24 martie 2026 dup\u0103 ora 18.00<\/mark><\/strong><\/p>\n\n\n\n<p class=\"has-medium-font-size\"><strong>V\u0103 mul\u021bumim pentru \u00een\u021belegere!<\/strong><\/p>\n\n\n\n<p class=\"has-medium-font-size\"><strong>Comisia de organizare<\/strong><\/p>\n<\/div><\/div>\n\n\n\n<p class=\"has-text-align-center\"><strong>CALENDAR<\/strong><\/p>\n\n\n\n<p class=\"has-text-align-center\"><strong>&nbsp;CONCURSUL INTERDISCIPLINAR FIZIC\u0102-GEOGRAFIE ,,\u015eTEFAN HEPITES\u201d<\/strong><\/p>\n\n\n\n<p class=\"has-text-align-center\"><strong>An \u015fcolar 2025-2026<\/strong><\/p>\n\n\n\n<figure class=\"wp-block-table\"><table class=\"has-fixed-layout\"><tbody><tr><td>Promovarea concursului<\/td><td>noiembrie \u2013 decembrie 2025<\/td><\/tr><tr><td>\u00censcriere participan\u0163i etapa jude\u0163ean\u0103\/a sectoarelor Municipiului Bucure\u0219ti<\/td><td>p\u00e2n\u0103 pe 10 februarie 2026<\/td><\/tr><tr><td><strong>Etapa jude\u0163ean\u0103\/a sectoarelor Municipiului Bucure\u0219ti<\/strong><\/td><td>28 <strong>februarie 2026<\/strong><\/td><\/tr><tr><td>Rezultate etapa jude\u0163ean\u0103\/a sectoarelor Municipiului Bucure\u0219ti<\/td><td>28 februarie 2026 p\u00e2n\u0103 la ora 22<\/td><\/tr><tr><td>Centralizare table elevi califica\u0163i la etapa regional\u0103<\/td><td>p\u00e2n\u0103 pe 5 martie 2026<\/td><\/tr><tr><td><strong>Etapa regional\u0103<\/strong><\/td><td><strong>21 martie 2026<\/strong><\/td><\/tr><tr><td>Rezultate finale<\/td><td>21 martie 2026 p\u00e2n\u0103 la ora 22<\/td><\/tr><\/tbody><\/table><\/figure>\n\n\n\n<p class=\"has-text-align-center\"><mark style=\"background-color:#f8d301\" class=\"has-inline-color\"><strong>Preciz\u0103ri privind tipurile de subiecte:<\/strong><\/mark><\/p>\n\n\n\n<p><mark style=\"background-color:#06f7e6\" class=\"has-inline-color\">Tip A specializ\u0103rile: matematic\u0103-informatic\u0103, \u0219tiin\u021be ale naturii, voca\u021bional-militar matematic\u0103-informatic\u0103, voca\u021bional-militar \u0219tiin\u021be ale naturii<\/mark><\/p>\n\n\n\n<p><mark style=\"background-color:#e706f4\" class=\"has-inline-color\">Tip B specializ\u0103rile: tehnic, economic, resurse naturale, voca\u021bional pedagogic, voca\u021bional teologic, voca\u021bional sportiv, uman<\/mark><\/p>\n\n\n\n<p class=\"has-text-align-center has-blue-color has-text-color has-small-font-size\"><strong><mark style=\"background-color:rgba(0, 0, 0, 0)\" class=\"has-inline-color has-black-color\">\u00cen anul \u0219colar 2025-2026 etapele concursului vor fi organizate astfel:<\/mark><\/strong><\/p>\n\n\n\n<p><strong><mark style=\"background-color:rgba(0, 0, 0, 0)\" class=\"has-inline-color has-blue-color\">Etapa jude\u021bean\u0103\/a sectoarelor Municipiului Bucure\u0219ti &#8211; 28 februarie 2026<\/mark><\/strong><\/p>\n\n\n\n<p>Unit\u0103\u021bile \u0219colare din jude\u021be care doresc s\u0103 organizeze aceast\u0103 etap\u0103, cu respectarea art. 7 b din regulament, \u00ee\u0219i vor exprima inten\u021bia la <strong>stefanhepites@concursfizica.ro<\/strong><\/p>\n\n\n\n<p>Loca\u021biile jude\u021bene vor fi actualizate pe m\u0103sura primiri inten\u021biilor din jude\u021be.<\/p>\n\n\n\n<p><mark style=\"background-color:rgba(0, 0, 0, 0);color:#fa1919\" class=\"has-inline-color\"><strong>Etapa na\u021bional\u0103\/regional\u0103 BUCURE\u0218TI<\/strong> <strong>&#8211; 21 martie 2026<\/strong><\/mark> <strong><mark style=\"background-color:rgba(0, 0, 0, 0);color:#f43a3a\" class=\"has-inline-color\">COLEGIUL NA\u021aIONAL GHEORGHE \u0218INCAI<\/mark><\/strong><\/p>\n\n\n\n<p class=\"has-text-align-center\"><strong>PROGRAM ZI CONCURS<\/strong><\/p>\n\n\n\n<p>9:30 &#8211; 9:45 Accesul candida\u0163ilor \u00een s\u0103li<\/p>\n\n\n\n<p>10:00 &#8211; 12:00 <strong>PROB\u0102 CONCURS<\/strong><\/p>\n\n\n\n<p>\u00cencep\u00e2nd cu ora 12:15 evaluarea grilelor de r\u0103spuns<\/p>\n\n\n\n<p>P\u00e2n\u0103 la ora 22:00 afi\u015farea rezultatelor<\/p>\n\n\n\n<p><strong><mark style=\"background-color:#f5fa19\" class=\"has-inline-color\">Pentru deschiderea documentelor aflate pe site se recomand\u0103 utilizarea Browser-elor Mozilla FireFox, Microsoft Edge, Opera, Safari, etc.<\/mark><\/strong><\/p>\n\n\n\n<p class=\"has-text-align-center has-blue-color has-text-color has-medium-font-size\"><\/p>\n","protected":false},"excerpt":{"rendered":"<p>ANUN\u021aURI Ca urmare a identific\u0103rii unor erori \u00een \u0219abloanele dup\u0103 care s-a realizat evaluarea la clasa a IX-a Tip A \u0219i la clasa a XII-a Tip A comisia central\u0103 se va reuni mar\u021bi 24 martie 2026 pentru reevaluarea tuturor fi\u0219elor &hellip; <a href=\"https:\/\/concursfizica.ro\/stefan-hepites\/\">Continue reading <span class=\"meta-nav\">&rarr;<\/span><\/a><\/p>\n","protected":false},"author":1,"featured_media":0,"parent":0,"menu_order":0,"comment_status":"closed","ping_status":"closed","template":"","meta":{"advgb_blocks_editor_width":"default","advgb_blocks_columns_visual_guide":"disable","footnotes":""},"class_list":["post-40","page","type-page","status-publish","hentry"],"coauthors":[],"author_meta":{"author_link":"https:\/\/concursfizica.ro\/stefan-hepites\/author\/iuli678we\/","display_name":"iuli678we"},"relative_dates":{"created":"Posted 3 years ago","modified":"Updated 2 months ago"},"absolute_dates":{"created":"Posted on 2023-03-11","modified":"Updated on 2026-03-22"},"absolute_dates_time":{"created":"Posted on 2023-03-11 13:00","modified":"Updated on 2026-03-22 09:24"},"featured_img_caption":"","featured_img":false,"series_order":"","_links":{"self":[{"href":"https:\/\/concursfizica.ro\/stefan-hepites\/wp-json\/wp\/v2\/pages\/40","targetHints":{"allow":["GET"]}}],"collection":[{"href":"https:\/\/concursfizica.ro\/stefan-hepites\/wp-json\/wp\/v2\/pages"}],"about":[{"href":"https:\/\/concursfizica.ro\/stefan-hepites\/wp-json\/wp\/v2\/types\/page"}],"author":[{"embeddable":true,"href":"https:\/\/concursfizica.ro\/stefan-hepites\/wp-json\/wp\/v2\/users\/1"}],"replies":[{"embeddable":true,"href":"https:\/\/concursfizica.ro\/stefan-hepites\/wp-json\/wp\/v2\/comments?post=40"}],"version-history":[{"count":89,"href":"https:\/\/concursfizica.ro\/stefan-hepites\/wp-json\/wp\/v2\/pages\/40\/revisions"}],"predecessor-version":[{"id":997,"href":"https:\/\/concursfizica.ro\/stefan-hepites\/wp-json\/wp\/v2\/pages\/40\/revisions\/997"}],"wp:attachment":[{"href":"https:\/\/concursfizica.ro\/stefan-hepites\/wp-json\/wp\/v2\/media?parent=40"}],"curies":[{"name":"wp","href":"https:\/\/api.w.org\/{rel}","templated":true}]}}