{"id":396,"date":"2023-09-24T09:54:33","date_gmt":"2023-09-24T07:54:33","guid":{"rendered":"http:\/\/concursfizica.ro\/stefan-hepites\/?page_id=396"},"modified":"2026-03-16T15:19:49","modified_gmt":"2026-03-16T13:19:49","slug":"396-2","status":"publish","type":"page","link":"https:\/\/concursfizica.ro\/stefan-hepites\/396-2\/","title":{"rendered":"APARI\u021aII EDITORIALE"},"content":{"rendered":"\n<p>Comenzile pentru materialele didactice auxiliare de pe aceast\u0103 pagin\u0103 se vor centraliza p\u00e2n\u0103 la data de 10 septembrie 2025. Imediat vor fi transmise spre tipografie num\u0103rul total de exemplare centralizat. Urm\u0103toarea solicitare, c\u0103tre tipografie, va fi realizat\u0103 cel mai probabil \u00een toamna anului 2026.<br>Pute\u021bi comanda fie complet\u00e2nd formularul <a href=\"https:\/\/docs.google.com\/forms\/d\/19zvKxeJPaFj9V8obgEqEsELRO1V1nb-2w-C9FIypwbU\/preview\">https:\/\/docs.google.com\/forms\/d\/e\/1FAIpQLSdaRdqLdejLEZ-1iBwvWevIJJ9kOIh9fPWJzEB1GEPy2NUdiA\/viewform?usp=preview<\/a>, fie la adresa culegeri@concursfizica.ro<\/p>\n\n\n\n<p>V\u0103 mul\u021bumim pentru colaborare!<\/p>\n\n\n\n<p class=\"has-text-align-center\"><strong>ASTRONOMIE \u0218I ASTROFIZIC\u0102<\/strong><\/p>\n\n\n\n<p class=\"has-text-align-center\"><strong>CDEO\u0218 &#8211; Clasa a XI-a<\/strong> <strong><mark style=\"background-color:rgba(0, 0, 0, 0);color:#ee1515\" class=\"has-inline-color\">STOC 0<\/mark><\/strong> <strong><mark style=\"background-color:rgba(0, 0, 0, 0);color:#ee1515\" class=\"has-inline-color\">buc\u0103\u021bi<\/mark><\/strong><\/p>\n\n\n\n<figure class=\"wp-block-table is-style-regular has-small-font-size\"><table><tbody><tr><td style=\"width:60%; vertical-align: top;\">Curriculum la decizia elevului din oferta \u0219colii pentru clasa a XI-a &#8211; \u201dASTRONOMIE \u0218I ASTROFIZIC\u0102\u201d este un material util pasiona\u021bilor de astronomie din \u00eenv\u0103\u021b\u0103m\u00e2ntul liceal.<br>Pre\u021b: 25 Lei <strong><mark style=\"background-color:rgba(0, 0, 0, 0);color:#177fcf\" class=\"has-inline-color\"><\/mark><\/strong><br>Pentru Bucure\u0219ti predarea se face personal, iar pentru celelalte jude\u021be se adaug\u0103 taxa de curierat.<br>Comenzi la:<br><a href=\"mailto: culegeri@concursfizica.ro\">culegeri@concursfizica.ro<\/a><\/td><td><img decoding=\"async\" style=\"width: 600px;\" src=\"http:\/\/concursfizica.ro\/stefan-hepites\/wp-content\/uploads\/2024\/07\/Astronomie-e1755445537640.jpg\" alt=\"\"><\/td><\/tr><\/tbody><\/table><\/figure>\n\n\n\n<p class=\"has-text-align-center\"><strong><strong>ASTRONOMIE \u0218I ASTROFIZIC\u0102<\/strong><\/strong><\/p>\n\n\n\n<p class=\"has-text-align-center\"><strong>CULEGERE DE EXERCI\u021aII \u0218I PROBLEME<\/strong> <strong><mark style=\"background-color:rgba(0, 0, 0, 0);color:#ee1515\" class=\"has-inline-color\">STOC 0<\/mark><\/strong> <strong><mark style=\"background-color:rgba(0, 0, 0, 0);color:#ee1515\" class=\"has-inline-color\">buc\u0103\u021bi<\/mark><\/strong><\/p>\n\n\n\n<figure class=\"wp-block-table is-style-regular has-small-font-size\"><table><tbody><tr><td style=\"width:60%; vertical-align: top;\">Aceast\u0103 culegere ofer\u0103 un set complet de exerci\u021bii \u0219i probleme practice, concepute pentru elevi \u0219i pasiona\u021bi de astronomie \u0219i astrofizic\u0103. Structurat\u0103 pe teme esen\u021biale \u2013 de la mi\u0219carea corpurilor cere\u0219ti, gravita\u021bie \u0219i mecanic\u0103 orbital\u0103, p\u00e2n\u0103 la propriet\u0103\u021bile stelelor, galaxii \u0219i cosmologie \u2013 culegerea \u00eencurajeaz\u0103 \u00een\u021belegerea profund\u0103 a fenomenelor astronomice \u0219i dezvoltarea abilit\u0103\u021bilor de calcul \u0219i analiz\u0103.\nFiecare capitol con\u021bine explica\u021bii succinte, exemple rezolvate pas cu pas \u0219i probleme de dificultate variat\u0103, de la aplica\u021bii simple la provoc\u0103ri complexe, pentru a consolida cuno\u0219tin\u021bele teoretice prin practic\u0103. Instrumentele matematice \u0219i fizice necesare pentru rezolvarea problemelor sunt prezentate clar, astfel \u00eenc\u00e2t culegerea s\u0103 fie accesibil\u0103 at\u00e2t elevilor, c\u00e2t \u0219i celor care doresc s\u0103 aprofundeze astronomie practic\u0103 sau s\u0103 se preg\u0103teasc\u0103 pentru concursuri \u0219i olimpiade.\nCaracteristici principale:\nProbleme structurate pe teme \u0219i niveluri de dificultate.\nExemple rezolvate detaliat, cu explica\u021bii \u0219i formule.\nConexiune \u00eentre observa\u021bii practice \u0219i concepte teoretice.\nAccent pe calculul fenomenelor astronomice \u0219i interpretarea datelor observatorii.. <br> Pre\u021b: 15 lei <strong><mark style=\"background-color:rgba(0, 0, 0, 0);color:#177fcf\" class=\"has-inline-color\"><\/mark><\/strong><br> Pentru Bucure\u0219ti predarea se face personal, iar pentru celelalte jude\u021be se adaug\u0103 taxa de curierat.<br> Comenzi la:<br> <a href=\"mailto: culegeri@concursfizica.ro\">culegeri@concursfizica.ro<\/a><\/td><td class=\"has-text-align-center\" data-align=\"center\"><img decoding=\"async\" style=\"width: 600px;\" src=\"http:\/\/concursfizica.ro\/stefan-hepites\/wp-content\/uploads\/2025\/08\/4.png\" alt=\"\"><\/td><\/tr><\/tbody><\/table><\/figure>\n\n\n\n<p class=\"has-text-align-center\"><strong>FIZIC\u0102 CULEGERE DE PROBLEME<\/strong><\/p>\n\n\n\n<p class=\"has-text-align-center\"><strong>Clasa a IX-a<\/strong> <strong><mark style=\"background-color:rgba(0, 0, 0, 0);color:#ee1515\" class=\"has-inline-color\">STOC 0<\/mark><\/strong> <strong><mark style=\"background-color:rgba(0, 0, 0, 0);color:#ee1515\" class=\"has-inline-color\">buc\u0103\u021bi<\/mark><\/strong><\/p>\n\n\n\n<figure class=\"wp-block-table is-style-regular has-small-font-size\"><table><tbody><tr><td style=\"width:60%; vertical-align: top;\">Aceast\u0103 culegere este conceput\u0103 pentru a sprijini elevii de clasa a IX-a \u00een \u00een\u021belegerea \u0219i aplicarea principiilor fundamentale ale fizicii. Structurat\u0103 pe capitole corespunz\u0103toare programei \u0219colare, culegerea acoper\u0103 teme esen\u021biale precum mecanica \u0219i optica.\nFiecare sec\u021biune include probleme de dificultate variat\u0103, de la aplica\u021bii simple la provoc\u0103ri complexe, pentru consolidarea cuno\u0219tin\u021belor \u0219i dezvoltarea g\u00e2ndirii logice. \nCulegerea \u00eencurajeaz\u0103 aplicarea practic\u0103 a legilor fizicii, preg\u0103tind elevii pentru teste, examene \u0219i concursuri \u0219colare. Este un instrument util at\u00e2t pentru \u00eenv\u0103\u021bare individual\u0103, c\u00e2t \u0219i pentru preg\u0103tirea ghidat\u0103 \u00een clas\u0103.<br> Pre\u021b: 15 lei <strong><mark style=\"background-color:rgba(0, 0, 0, 0);color:#177fcf\" class=\"has-inline-color\"><\/mark><\/strong><br> Pentru Bucure\u0219ti predarea se face personal, iar pentru celelalte jude\u021be se adaug\u0103 taxa de curierat.<br> Comenzi la:<br> <a href=\"mailto: culegeri@concursfizica.ro\">culegeri@concursfizica.ro<\/a><\/td><td class=\"has-text-align-center\" data-align=\"center\"><img decoding=\"async\" style=\"width: 600px;\" src=\"http:\/\/concursfizica.ro\/stefan-hepites\/wp-content\/uploads\/2025\/08\/poza1.png\" alt=\"\"><\/td><\/tr><\/tbody><\/table><\/figure>\n\n\n\n<p class=\"has-text-align-center\"><strong>FIZIC\u0102 CULEGERE DE PROBLEME<\/strong><\/p>\n\n\n\n<p class=\"has-text-align-center\"><strong>Clasa a X-a<\/strong> <strong><mark style=\"background-color:rgba(0, 0, 0, 0);color:#ee1515\" class=\"has-inline-color\">STOC 0<\/mark><\/strong> <strong><mark style=\"background-color:rgba(0, 0, 0, 0);color:#ee1515\" class=\"has-inline-color\">buc\u0103\u021bi<\/mark><\/strong><\/p>\n\n\n\n<figure class=\"wp-block-table is-style-regular has-small-font-size\"><table><tbody><tr><td style=\"width:60%; vertical-align: top;\">Aceast\u0103 culegere este dedicat\u0103 elevilor de clasa a X-a \u0219i ofer\u0103 un set variat de probleme care acoper\u0103 \u00eentreaga program\u0103 \u0219colar\u0103 de fizic\u0103. Temele abordate includ termodinamica, electricitatea \u0219i magnetismul, cu accent pe \u00een\u021belegerea conceptelor \u0219i aplicarea lor practic\u0103.\nFiecare capitol con\u021bine probleme structurate pe niveluri de dificultate, de la aplica\u021bii simple la probleme provocatoare, pentru consolidarea cuno\u0219tin\u021belor \u0219i dezvoltarea g\u00e2ndirii logice.\nCulegerea este un instrument util pentru preg\u0103tirea examenelor, concursurilor \u0219colare \u0219i pentru aprofundarea fizicii prin practic\u0103, oferind elevilor at\u00e2t suport teoretic, c\u00e2t \u0219i exerci\u021bii practice care dezvolt\u0103 abilit\u0103\u021bi de rezolvare riguroas\u0103 a problemelor. <br> Pre\u021b: 15 lei <strong><mark style=\"background-color:rgba(0, 0, 0, 0);color:#177fcf\" class=\"has-inline-color\"><\/mark><\/strong><br> Pentru Bucure\u0219ti predarea se face personal, iar pentru celelalte jude\u021be se adaug\u0103 taxa de curierat.<br> Comenzi la:<br> <a href=\"mailto: culegeri@concursfizica.ro\">culegeri@concursfizica.ro<\/a><\/td><td class=\"has-text-align-center\" data-align=\"center\"><img decoding=\"async\" style=\"width: 600px;\" src=\"http:\/\/concursfizica.ro\/stefan-hepites\/wp-content\/uploads\/2025\/08\/poza2.png\" alt=\"\"><\/td><\/tr><\/tbody><\/table><\/figure>\n\n\n\n<p class=\"has-text-align-center\"><strong>FIZIC\u0102 CULEGERE DE PROBLEME<\/strong><\/p>\n\n\n\n<p class=\"has-text-align-center\"><strong>Clasa a XI-a<\/strong> <strong><mark style=\"background-color:rgba(0, 0, 0, 0);color:#ee1515\" class=\"has-inline-color\">STOC 15 buc\u0103\u021bi<\/mark><\/strong><\/p>\n\n\n\n<figure class=\"wp-block-table is-style-regular has-small-font-size\"><table><tbody><tr><td style=\"width:60%; vertical-align: top;\">Aceast\u0103 culegere ofer\u0103 elevilor de clasa a XI-a un set complet de probleme care acoper\u0103 toate capitolele esen\u021biale ale fizicii moderne \u0219i clasice. Temele abordate includ undele, oscila\u021biile \u0219i fenomenele optice, cu accent pe dezvoltarea abilit\u0103\u021bilor de analiz\u0103, ra\u021bionament \u0219i calcul.\nFiecare capitol con\u021bine probleme de dificultate progresiv\u0103, de la exerci\u021bii simple la probleme complexe, concepute pentru consolidarea cuno\u0219tin\u021belor \u0219i stimularea g\u00e2ndirii critice.\nCulegerea este un instrument valoros pentru preg\u0103tirea examenelor \u0219i concursurilor \u0219colare, oferind elevilor at\u00e2t suport teoretic, c\u00e2t \u0219i numeroase oportunit\u0103\u021bi de aplicare practic\u0103 a fizicii. <br> Pre\u021b: 15 lei <strong><mark style=\"background-color:rgba(0, 0, 0, 0);color:#177fcf\" class=\"has-inline-color\"><\/mark><\/strong><br> Pentru Bucure\u0219ti predarea se face personal, iar pentru celelalte jude\u021be se adaug\u0103 taxa de curierat.<br> Comenzi la:<br> <a href=\"mailto: culegeri@concursfizica.ro\">culegeri@concursfizica.ro<\/a><\/td><td class=\"has-text-align-center\" data-align=\"center\"><img decoding=\"async\" style=\"width: 600px;\" src=\"http:\/\/concursfizica.ro\/stefan-hepites\/wp-content\/uploads\/2025\/08\/poza3.png\" alt=\"\"><\/td><\/tr><\/tbody><\/table><\/figure>\n\n\n\n<p class=\"has-text-align-center\"><strong>CULEGERE DE PROBLEME DE FIZIC\u0102<\/strong><\/p>\n\n\n\n<p class=\"has-text-align-center\"><strong>MECANIC\u0102<\/strong><\/p>\n\n\n\n<p class=\"has-text-align-center\"><strong>Volumul I<\/strong> <mark style=\"background-color:rgba(0, 0, 0, 0);color:#f90404\" class=\"has-inline-color\"><strong><mark style=\"background-color:rgba(0, 0, 0, 0);color:#ee1515\" class=\"has-inline-color\">STOC 0<\/mark><\/strong> <strong><mark style=\"background-color:rgba(0, 0, 0, 0);color:#ee1515\" class=\"has-inline-color\">buc\u0103\u021bi<\/mark><\/strong><\/mark><\/p>\n\n\n\n<figure class=\"wp-block-table is-style-regular has-small-font-size\" style=\"font-size:14px\"><table><tbody><tr><td style=\"width:60%; vertical-align: top;\">Lucrarea con\u021bine 512 probleme de tip gril\u0103 &#8211; complement simplu, fiind primul volum din seria lucr\u0103rilor de acest tip, destinate \u00eenv\u0103\u021b\u0103m\u00e2ntul liceal. Fiecare problem\u0103 con\u021bine patru variante de r\u0103spuns, doar unul singur fiind cel corect. Culegerea se adreseaz\u0103 at\u00e2t elevilor din clasa a IX-a, c\u00e2t \u0219i celor din clasele terminale, care sus\u021bin examenul de bacalaureat \u0219i admiterea \u00een \u00eenv\u0103\u021b\u0103m\u00e2ntul superior. Lucrarea este totodat\u0103 un instrument util profesorilor de specialitate, \u00een procesul de predare-\u00eenv\u0103\u021bare-evaluare, dar \u0219i \u00een activit\u0103\u021bile destinate preg\u0103tirii concursurilor \u0219colare.<br><mark style=\"background-color:rgba(0, 0, 0, 0);color:#f63939\" class=\"has-inline-color\"><strong><\/strong><\/mark><br><\/td><td class=\"has-text-align-center\" data-align=\"center\"><img decoding=\"async\" style=\"width: 600px;\" src=\"http:\/\/concursfizica.ro\/stefan-hepites\/wp-content\/uploads\/2023\/09\/Mecanica-e1755445965219.jpg\" alt=\"\"><\/td><\/tr><\/tbody><\/table><\/figure>\n\n\n\n<div class=\"wp-block-columns is-layout-flex wp-container-core-columns-is-layout-9d6595d7 wp-block-columns-is-layout-flex\">\n<div class=\"wp-block-column is-layout-flow wp-block-column-is-layout-flow\" style=\"flex-basis:100%\"><\/div>\n<\/div>\n\n\n\n<p class=\"has-text-align-center\"><strong>CULEGERE DE PROBLEME DE FIZIC\u0102<\/strong><\/p>\n\n\n\n<p class=\"has-text-align-center\"><strong>TERMODINAMIC\u0102<\/strong><\/p>\n\n\n\n<p class=\"has-text-align-center\"><strong>Volumul I<\/strong>I <mark style=\"background-color:rgba(0, 0, 0, 0);color:#f70202\" class=\"has-inline-color\"><mark style=\"background-color:rgba(0, 0, 0, 0);color:#f70202\" class=\"has-inline-color\"><strong><mark style=\"background-color:rgba(0, 0, 0, 0);color:#ee1515\" class=\"has-inline-color\">STOC 0<\/mark><\/strong> <strong><mark style=\"background-color:rgba(0, 0, 0, 0);color:#ee1515\" class=\"has-inline-color\">buc\u0103\u021bi<\/mark><\/strong><\/mark><\/mark><\/p>\n\n\n\n<figure class=\"wp-block-table is-style-regular has-small-font-size\"><table><tbody><tr><td style=\"width:60%; vertical-align: top;\">Culegerea de probleme de fizic\u0103 &#8211; \u201dTermodinamic\u0103\u201d con\u021bine 377 de probleme de tip gril\u0103, complement simplu, fiind cel de-al doilea volum din seria lucr\u0103rilor de acest tip destinate \u00eenv\u0103\u021b\u0103m\u00e2ntului liceal. Fiecare problem\u0103 con\u021bine patru variante de r\u0103spuns, doar unul singur fiind cel corect. Lucrarea se adreseaz\u0103 at\u00e2t elevilor din clasa a X-a c\u00e2t \u0219i celor care sus\u021bin examenul de bacalaureat sau admiterea \u00een \u00eenv\u0103\u021b\u0103m\u00e2ntul superior. Materialul este de asemenea util profesorilor de fizic\u0103 \u00een activitatea de predare-\u00eenv\u0103\u021bare-evaluare, precum \u0219i \u00een preg\u0103tirea elevilor pentru concursurile \u0219colare.<br>\n<td class=\"has-text-align-center\" data-align=\"center\"><img decoding=\"async\" style=\"width: 600px;\" src=\"http:\/\/concursfizica.ro\/stefan-hepites\/wp-content\/uploads\/2023\/09\/Termodinamica-e1755445935116.jpg\" alt=\"\"><\/td><\/tr><\/tbody><\/table><\/figure>\n\n\n\n<p class=\"has-text-align-center\"><strong>CULEGERE DE PROBLEME DE FIZIC\u0102<\/strong><\/p>\n\n\n\n<p class=\"has-text-align-center\"><strong>ELECTRICITATE \u0218I MAGNETISM<\/strong><\/p>\n\n\n\n<p class=\"has-text-align-center\"><strong>Volumul III<\/strong> <mark style=\"background-color:rgba(0, 0, 0, 0);color:#f70202\" class=\"has-inline-color\"><strong><mark style=\"background-color:rgba(0, 0, 0, 0);color:#ee1515\" class=\"has-inline-color\">STOC 0<\/mark><\/strong> <strong><mark style=\"background-color:rgba(0, 0, 0, 0);color:#ee1515\" class=\"has-inline-color\">buc\u0103\u021bi<\/mark><\/strong><\/mark><\/p>\n\n\n\n<figure class=\"wp-block-table is-style-regular has-small-font-size\"><table><tbody><tr><td style=\"width:60%; vertical-align: top;\">Culegerea de probleme de fizic\u0103 &#8211; \u201dElectricitate \u0219i magnetism\u201d este cel de-al treilea volum din seria lucr\u0103rilor de acest tip destinate \u00eenv\u0103\u021b\u0103m\u00e2ntului liceal. <br> <strong><mark style=\"background-color:rgba(0, 0, 0, 0);color:#177fcf\" class=\"has-inline-color\"><\/mark><\/strong><br> <td class=\"has-text-align-center\" data-align=\"center\"><img decoding=\"async\" style=\"width: 600px;\" src=\"http:\/\/concursfizica.ro\/stefan-hepites\/wp-content\/uploads\/2024\/07\/Electricitate-si-magnetism-e1755446127531.jpg\" alt=\"\"><\/td><\/tr><\/tbody><\/table><\/figure>\n\n\n\n<div class=\"wp-block-columns is-layout-flex wp-container-core-columns-is-layout-9d6595d7 wp-block-columns-is-layout-flex\">\n<div class=\"wp-block-column is-layout-flow wp-block-column-is-layout-flow\" style=\"flex-basis:100%\"><\/div>\n<\/div>\n","protected":false},"excerpt":{"rendered":"<p>Comenzile pentru materialele didactice auxiliare de pe aceast\u0103 pagin\u0103 se vor centraliza p\u00e2n\u0103 la data de 10 septembrie 2025. Imediat vor fi transmise spre tipografie num\u0103rul total de exemplare centralizat. Urm\u0103toarea solicitare, c\u0103tre tipografie, va fi realizat\u0103 cel mai probabil &hellip; <a href=\"https:\/\/concursfizica.ro\/stefan-hepites\/396-2\/\">Continue reading <span class=\"meta-nav\">&rarr;<\/span><\/a><\/p>\n","protected":false},"author":1,"featured_media":304,"parent":0,"menu_order":0,"comment_status":"closed","ping_status":"closed","template":"","meta":{"advgb_blocks_editor_width":"large","advgb_blocks_columns_visual_guide":"","footnotes":""},"class_list":["post-396","page","type-page","status-publish","has-post-thumbnail","hentry"],"coauthors":[],"author_meta":{"author_link":"https:\/\/concursfizica.ro\/stefan-hepites\/author\/iuli678we\/","display_name":"iuli678we"},"relative_dates":{"created":"Posted 3 years ago","modified":"Updated 2 months ago"},"absolute_dates":{"created":"Posted on 2023-09-24","modified":"Updated on 2026-03-16"},"absolute_dates_time":{"created":"Posted on 2023-09-24 09:54","modified":"Updated on 2026-03-16 15:19"},"featured_img_caption":"","featured_img":"https:\/\/concursfizica.ro\/stefan-hepites\/wp-content\/uploads\/2023\/03\/2-1000x288.jpg","series_order":"","_links":{"self":[{"href":"https:\/\/concursfizica.ro\/stefan-hepites\/wp-json\/wp\/v2\/pages\/396","targetHints":{"allow":["GET"]}}],"collection":[{"href":"https:\/\/concursfizica.ro\/stefan-hepites\/wp-json\/wp\/v2\/pages"}],"about":[{"href":"https:\/\/concursfizica.ro\/stefan-hepites\/wp-json\/wp\/v2\/types\/page"}],"author":[{"embeddable":true,"href":"https:\/\/concursfizica.ro\/stefan-hepites\/wp-json\/wp\/v2\/users\/1"}],"replies":[{"embeddable":true,"href":"https:\/\/concursfizica.ro\/stefan-hepites\/wp-json\/wp\/v2\/comments?post=396"}],"version-history":[{"count":115,"href":"https:\/\/concursfizica.ro\/stefan-hepites\/wp-json\/wp\/v2\/pages\/396\/revisions"}],"predecessor-version":[{"id":976,"href":"https:\/\/concursfizica.ro\/stefan-hepites\/wp-json\/wp\/v2\/pages\/396\/revisions\/976"}],"wp:featuredmedia":[{"embeddable":true,"href":"https:\/\/concursfizica.ro\/stefan-hepites\/wp-json\/wp\/v2\/media\/304"}],"wp:attachment":[{"href":"https:\/\/concursfizica.ro\/stefan-hepites\/wp-json\/wp\/v2\/media?parent=396"}],"curies":[{"name":"wp","href":"https:\/\/api.w.org\/{rel}","templated":true}]}}